{"id":769,"date":"2026-03-12T14:29:54","date_gmt":"2026-03-12T14:29:54","guid":{"rendered":"https:\/\/nifty-bell.217-154-184-17.plesk.page\/?page_id=769"},"modified":"2026-03-13T10:11:43","modified_gmt":"2026-03-13T10:11:43","slug":"aviso-legal","status":"publish","type":"page","link":"https:\/\/nifty-bell.217-154-184-17.plesk.page\/index.php\/aviso-legal\/","title":{"rendered":"Aviso legal"},"content":{"rendered":"\t\t<div data-elementor-type=\"wp-page\" data-elementor-id=\"769\" class=\"elementor elementor-769\" data-elementor-post-type=\"page\">\n\t\t\t\t<div class=\"elementor-element elementor-element-3436b77 e-flex e-con-boxed e-con e-parent\" data-id=\"3436b77\" data-element_type=\"container\" data-e-type=\"container\">\n\t\t\t\t\t<div class=\"e-con-inner\">\n\t\t\t\t<div class=\"elementor-element elementor-element-c1eb05c elementor-widget elementor-widget-heading\" data-id=\"c1eb05c\" data-element_type=\"widget\" data-e-type=\"widget\" data-widget_type=\"heading.default\">\n\t\t\t\t\t<h1 class=\"elementor-heading-title elementor-size-default\">Aviso legal<\/h1>\t\t\t\t<\/div>\n\t\t\t\t\t<\/div>\n\t\t\t\t<\/div>\n\t\t<div class=\"elementor-element elementor-element-eb81f97 e-flex e-con-boxed e-con e-parent\" data-id=\"eb81f97\" data-element_type=\"container\" data-e-type=\"container\">\n\t\t\t\t\t<div class=\"e-con-inner\">\n\t\t\t\t<div class=\"elementor-element elementor-element-2711bde elementor-widget__width-initial elementor-widget elementor-widget-text-editor\" data-id=\"2711bde\" data-element_type=\"widget\" data-e-type=\"widget\" data-widget_type=\"text-editor.default\">\n\t\t\t\t\t\t\t\t\t<p data-path-to-node=\"4\">En cumplimiento del art\u00edculo 10 de la Ley 34\/2002, de 11 de julio, de Servicios de la Sociedad de la Informaci\u00f3n y Comercio Electr\u00f3nico (LSSI-CE), se exponen los datos identificativos del titular del sitio web:<\/p><h4 data-path-to-node=\"5\">1. Datos Identificativos<\/h4><ul data-path-to-node=\"6\"><li><p data-path-to-node=\"6,0,0\"><b data-path-to-node=\"6,0,0\" data-index-in-node=\"0\">Denominaci\u00f3n Social:<\/b> Talleres Azkoauto<\/p><\/li><li><p data-path-to-node=\"6,1,0\"><b data-path-to-node=\"6,1,0\" data-index-in-node=\"0\">Nombre Comercial:<\/b> Azkoauto<\/p><\/li><li><p data-path-to-node=\"6,3,0\"><b data-path-to-node=\"6,3,0\" data-index-in-node=\"0\">Domicilio Social:<\/b> Pol\u00edgono El Escopar, Calle A, 30, 31350 Peralta, Navarra.<\/p><\/li><li><p data-path-to-node=\"6,4,0\"><b data-path-to-node=\"6,4,0\" data-index-in-node=\"0\">Tel\u00e9fono:<\/b> +34 948 75 35 08<\/p><\/li><li><p data-path-to-node=\"6,5,0\"><b data-path-to-node=\"6,5,0\" data-index-in-node=\"0\">Email:<\/b> azkoauto@gmail.com<\/p><\/li><\/ul><h4 data-path-to-node=\"7\">2. Propiedad Intelectual<\/h4><p id=\"p-rc_d502ab31927fb1d8-24\" data-path-to-node=\"8\">El c\u00f3digo fuente, los dise\u00f1os gr\u00e1ficos, las im\u00e1genes, las fotograf\u00edas, los sonidos, las animaciones, el software, los textos, as\u00ed como la informaci\u00f3n y los contenidos que se recogen en el pr<span class=\"citation-135\">esente sitio web est\u00e1n protegidos por la legislaci\u00f3n espa\u00f1ola sobre los derechos de propiedad intelectual e industrial a favor de <\/span><b data-path-to-node=\"8\" data-index-in-node=\"320\">Talleres Azkoauto<\/b><span class=\"citation-135 citation-end-135\">.<\/span><\/p><div class=\"source-inline-chip-container ng-star-inserted\">\u00a0<\/div><p id=\"p-rc_d502ab31927fb1d8-25\" data-path-to-node=\"9\"><span class=\"citation-134 citation-end-134\">No se permite la reproducci\u00f3n y\/o publicaci\u00f3n, total o parcial, del sitio web, ni su tratam<\/span>iento inform\u00e1tico, su distribuci\u00f3n, su difusi\u00f3n, ni su modificaci\u00f3n o transformaci\u00f3n, sin el permiso previo y por escrito de su titular. El usuario, \u00fanica y exclusivamente, puede utilizar el material que aparezca en este sitio web para su uso personal y privado, quedando prohibido su uso con fines comerciales.<\/p><div class=\"source-inline-chip-container ng-star-inserted\">\u00a0<\/div><h4 data-path-to-node=\"10\">3. Exclusi\u00f3n de Responsabilidad<\/h4><p data-path-to-node=\"11\"><b data-path-to-node=\"11\" data-index-in-node=\"0\">Talleres Azkoauto<\/b> no se hace responsable de los da\u00f1os y perjuicios de cualquier naturaleza que pudieran gestionar:<\/p><ul data-path-to-node=\"12\"><li><p data-path-to-node=\"12,0,0\">Errores u omisiones en los contenidos (precios de servicios, horarios o descripciones t\u00e9cnicas).<\/p><\/li><li><p data-path-to-node=\"12,1,0\">Falta de disponibilidad del portal por mantenimientos t\u00e9cnicos.<\/p><\/li><li><p data-path-to-node=\"12,2,0\">La transmisi\u00f3n de virus o programas maliciosos en los contenidos, a pesar de haber adoptado todas las medidas tecnol\u00f3gicas necesarias para evitarlo.<\/p><\/li><\/ul><h4 data-path-to-node=\"13\">4. Enlaces (Links)<\/h4><p data-path-to-node=\"14\">En el caso de que en la web se dispusiesen enlaces o hiperv\u00ednculos hac\u00eda otros sitios de Internet (como redes sociales o distribuidores de recambios), <b data-path-to-node=\"14\" data-index-in-node=\"151\">Talleres Azkoauto<\/b> no ejercer\u00e1 ning\u00fan tipo de control sobre dichos sitios y contenidos. En ning\u00fan caso asumiremos responsabilidad alguna por los contenidos de alg\u00fan enlace perteneciente a un sitio web ajeno.<\/p><h4 data-path-to-node=\"15\">5. Modificaciones<\/h4><p id=\"p-rc_d502ab31927fb1d8-26\" data-path-to-node=\"16\"><b data-path-to-node=\"16\" data-index-in-node=\"0\">Talleres Azkoauto<\/b> se reserva el derecho de efectuar sin previo aviso las modificaciones que considere oportunas en su web, pudiendo cambiar, suprimi<span class=\"citation-133 citation-end-133\">r o a\u00f1adir tanto los contenidos y servicios que se presten a trav\u00e9s de la misma como la forma en la que \u00e9stos aparezcan presentados o localizados en su portal.<\/span><\/p><div class=\"source-inline-chip-container ng-star-inserted\">\u00a0<\/div><h4 data-path-to-node=\"17\"><span class=\"citation-132 citation-end-132\">6. Legislaci\u00f3n Aplicable y Jurisdicci\u00f3n<\/span><\/h4><p id=\"p-rc_d502ab31927fb1d8-27\" data-path-to-node=\"18\"><span class=\"citation-131\">La relaci\u00f3n entre <\/span><b data-path-to-node=\"18\" data-index-in-node=\"18\">Talleres Azkoauto<\/b><span class=\"citation-131 citation-end-131\"> y el usuario <\/span>se regir\u00e1 por la normativa espa\u00f1ola vigente y cualquier controversia se someter\u00e1 a los Juzgados y Tribunales de la ciudad de <b data-path-to-node=\"18\" data-index-in-node=\"174\">Pamplona (Navarra)<\/b>, salvo que la ley disponga otra cosa.<\/p>\t\t\t\t\t\t\t\t<\/div>\n\t\t\t\t\t<\/div>\n\t\t\t\t<\/div>\n\t\t\t\t<\/div>\n\t\t","protected":false},"excerpt":{"rendered":"<p>Aviso legal En cumplimiento del art\u00edculo 10 de la Ley 34\/2002, de 11 de julio, de Servicios de la Sociedad de la Informaci\u00f3n y Comercio Electr\u00f3nico (LSSI-CE), se exponen los datos identificativos del titular del sitio web: 1. Datos Identificativos Denominaci\u00f3n Social: Talleres Azkoauto Nombre Comercial: Azkoauto Domicilio Social: Pol\u00edgono El Escopar, Calle A, 30, [&hellip;]<\/p>\n","protected":false},"author":1,"featured_media":0,"parent":0,"menu_order":0,"comment_status":"closed","ping_status":"closed","template":"elementor_header_footer","meta":{"footnotes":""},"class_list":["post-769","page","type-page","status-publish","hentry"],"_links":{"self":[{"href":"https:\/\/nifty-bell.217-154-184-17.plesk.page\/index.php\/wp-json\/wp\/v2\/pages\/769","targetHints":{"allow":["GET"]}}],"collection":[{"href":"https:\/\/nifty-bell.217-154-184-17.plesk.page\/index.php\/wp-json\/wp\/v2\/pages"}],"about":[{"href":"https:\/\/nifty-bell.217-154-184-17.plesk.page\/index.php\/wp-json\/wp\/v2\/types\/page"}],"author":[{"embeddable":true,"href":"https:\/\/nifty-bell.217-154-184-17.plesk.page\/index.php\/wp-json\/wp\/v2\/users\/1"}],"replies":[{"embeddable":true,"href":"https:\/\/nifty-bell.217-154-184-17.plesk.page\/index.php\/wp-json\/wp\/v2\/comments?post=769"}],"version-history":[{"count":13,"href":"https:\/\/nifty-bell.217-154-184-17.plesk.page\/index.php\/wp-json\/wp\/v2\/pages\/769\/revisions"}],"predecessor-version":[{"id":920,"href":"https:\/\/nifty-bell.217-154-184-17.plesk.page\/index.php\/wp-json\/wp\/v2\/pages\/769\/revisions\/920"}],"wp:attachment":[{"href":"https:\/\/nifty-bell.217-154-184-17.plesk.page\/index.php\/wp-json\/wp\/v2\/media?parent=769"}],"curies":[{"name":"wp","href":"https:\/\/api.w.org\/{rel}","templated":true}]}}